{"id":214,"date":"2018-07-02T10:13:03","date_gmt":"2018-07-02T08:13:03","guid":{"rendered":"http:\/\/www.sun-valley-germany.de\/?page_id=214"},"modified":"2022-10-28T13:12:37","modified_gmt":"2022-10-28T11:12:37","slug":"datenschutz","status":"publish","type":"page","link":"https:\/\/www.ulimette.de\/index.php\/datenschutz\/","title":{"rendered":"Datenschutz"},"content":{"rendered":"<p style=\"text-align: left;\"><strong><img loading=\"lazy\" decoding=\"async\" class=\" aligncenter wp-image-82\" src=\"https:\/\/www.ulimette.de\/wp-content\/uploads\/2015\/06\/schwarz.png\" alt=\"\" width=\"45\" height=\"125\" srcset=\"https:\/\/www.ulimette.de\/wp-content\/uploads\/2015\/06\/schwarz.png 600w, https:\/\/www.ulimette.de\/wp-content\/uploads\/2015\/06\/schwarz-108x300.png 108w, https:\/\/www.ulimette.de\/wp-content\/uploads\/2015\/06\/schwarz-367x1024.png 367w\" sizes=\"auto, (max-width: 45px) 100vw, 45px\" \/><\/strong><\/p>\n<h1>Datenschutzerkl\u00e4rung<\/h1>\n<h2>Allgemeine Hinweise<\/h2>\n<p>Mit den nachfolgenden Informationen wollen wir Sie verst\u00e4ndlich \u00fcber die Art, Umfang und Zweck von personenbezogenen Daten gem\u00e4\u00df Telemediengesetz mit Besuch dieser Website informieren. Dar\u00fcber hinaus m\u00f6chten wir Sie \u00fcber die Verarbeitung personenbezogener Daten in Staaten au\u00dferhalb des Anwendungsbereichs der DSGVO informieren.<\/p>\n<h3>Wo erfassen wir Ihre Daten?<\/h3>\n<p>Der f\u00fcr den Betrieb des Webservers beauftragte Anbieter dieser Website betreibt seine Server in einem Rechenzentrum innerhalb Deutschlands. Wir haben mit dem Anbieter einen Vertrag zur Auftragsdatenverarbeitung abgeschlossen.<\/p>\n<h3>Wof\u00fcr nutzen wir Ihre Daten?<\/h3>\n<p>Ein Teil der Daten wird erhoben, um eine fehlerfreie Bereitstellung der Website zu gew\u00e4hrleisten. Andere Daten k\u00f6nnen zur Analyse Ihres Nutzerverhaltens verwendet werden.<\/p>\n<h2>Datenschutz<\/h2>\n<p>Die Betreiber dieser Seiten nehmen den Schutz Ihrer pers\u00f6nlichen Daten sehr ernst. Wir behandeln Ihre personenbezogenen Daten vertraulich und entsprechend der gesetzlichen Datenschutzvorschriften sowie dieser Datenschutzerkl\u00e4rung.<\/p>\n<p>Wenn Sie diese Website benutzen, werden verschiedene personenbezogene Daten erhoben. Personenbezogene Daten sind Daten, mit denen Sie pers\u00f6nlich identifiziert werden k\u00f6nnen. Die vorliegende Datenschutzerkl\u00e4rung erl\u00e4utert, welche Daten wir erheben und wof\u00fcr wir sie nutzen. Sie erl\u00e4utert auch, wie und zu welchem Zweck das geschieht.<\/p>\n<p>Wir weisen darauf hin, dass die Daten\u00fcbertragung im Internet (z.B. bei der Kommunikation per E-Mail) Sicherheitsl\u00fccken aufweisen kann. Ein l\u00fcckenloser Schutz der Daten vor dem Zugriff durch Dritte ist nicht m\u00f6glich.<\/p>\n<h3>Hinweis zur verantwortlichen Stelle<\/h3>\n<p>Die verantwortliche Stelle f\u00fcr die Datenverarbeitung auf dieser Website ist:<\/p>\n<p><strong>Handelsagentur Uli Mette<\/strong><br \/>\nKreuzbichl 43<br \/>\nD-83093 Bad Endorf<\/p>\n<p>Mobil: +49 (0) 171 1943917<\/p>\n<p>E-Mail: <a href=\"mailto:agentur@ulimette.de\">agentur@ulimette.de<\/a><br \/>\n<span class=\"leftspacemail\"><a href=\"mailto:info@sun-valley-germany.de\">info@sun-valley-germany.de<\/a><\/span><\/p>\n<p>Verantwortliche Stelle ist die nat\u00fcrliche oder juristische Person, die allein oder gemeinsam mit anderen \u00fcber die Zwecke und Mittel der Verarbeitung von personenbezogenen Daten (z.B. Namen, E-Mail-Adressen o. \u00c4.) entscheidet.<\/p>\n<h2>Ihre Betroffenenrechte<\/h2>\n<p>Unter den angegebenen Kontaktdaten unseres Datenschutzbeauftragten k\u00f6nnen Sie jederzeit folgende Rechte aus\u00fcben:<\/p>\n<ul>\n<li class=\"align-left\">Auskunft \u00fcber Ihre bei uns gespeicherten Daten und deren Verarbeitung,<\/li>\n<li class=\"align-left\">Berichtigung unrichtiger personenbezogener Daten,<\/li>\n<li class=\"align-left\">L\u00f6schung Ihrer bei uns gespeicherten Daten,<\/li>\n<li class=\"align-left\">Einschr\u00e4nkung der Datenverarbeitung, sofern wir Ihre Daten aufgrund gesetzlicher Pflichten noch nicht l\u00f6schen d\u00fcrfen,<\/li>\n<li class=\"align-left\">Widerspruch gegen die Verarbeitung Ihrer Daten bei uns und<\/li>\n<li class=\"align-left\">Daten\u00fcbertragbarkeit, sofern Sie in die Datenverarbeitung eingewilligt haben oder einen Vertrag mit uns abgeschlossen haben.<\/li>\n<\/ul>\n<p>Sofern Sie uns eine Einwilligung erteilt haben, k\u00f6nnen Sie diese jederzeit mit Wirkung f\u00fcr die Zukunft widerrufen.<\/p>\n<p>Sie k\u00f6nnen sich jederzeit mit einer Beschwerde an die f\u00fcr Sie zust\u00e4ndige Aufsichtsbeh\u00f6rde wenden. Ihre zust\u00e4ndige Aufsichtsbeh\u00f6rde richtet sich nach dem Bundesland Ihres Wohnsitzes, Ihrer Arbeit oder der mutma\u00dflichen Verletzung. Eine Liste der Aufsichtsbeh\u00f6rden (f\u00fcr den nicht\u00f6ffentlichen Bereich) mit Anschrift finden Sie unter: <a href=\"https:\/\/www.bfdi.bund.de\/DE\/Infothek\/Anschriften_Links\/anschriften_links-node.html\" target=\"_blank\" rel=\"noopener\">www.bfdi.bund.de\/DE\/Infothek\/Anschriften_Links\/anschriften_links-node.html<\/a>.<\/p>\n<h2>Zwecke der Datenverarbeitung durch die verantwortliche Stelle und Dritte<\/h2>\n<p>Wir verarbeiten Ihre personenbezogenen Daten nur zu den in dieser Datenschutzerkl\u00e4rung genannten Zwecken. Eine \u00dcbermittlung Ihrer pers\u00f6nlichen Daten an Dritte zu anderen als den genannten Zwecken findet nicht statt. Wir geben Ihre pers\u00f6nlichen Daten nur an Dritte weiter, wenn:<\/p>\n<ul>\n<li class=\"align-left\">Sie Ihre ausdr\u00fcckliche Einwilligung dazu erteilt haben,<\/li>\n<li class=\"align-left\">die Verarbeitung zur Abwicklung eines Vertrags mit Ihnen erforderlich ist,<\/li>\n<li class=\"align-left\">die Verarbeitung zur Erf\u00fcllung einer rechtlichen Verpflichtung erforderlich ist,<\/li>\n<\/ul>\n<p>die Verarbeitung zur Wahrung berechtigter Interessen erforderlich ist und kein Grund zur Annahme besteht, dass Sie ein \u00fcberwiegendes schutzw\u00fcrdiges Interesse an der Nichtweitergabe Ihrer Daten haben.<\/p>\n<h2>L\u00f6schung bzw. Sperrung der Daten<\/h2>\n<p>Wir halten uns an die Grunds\u00e4tze der Datenvermeidung und Datensparsamkeit. Wir speichern Ihre personenbezogenen Daten daher nur so lange, wie dies zur Erreichung der hier genannten Zwecke erforderlich ist oder wie es die vom Gesetzgeber vorgesehenen vielf\u00e4ltigen Speicherfristen vorsehen. Nach Fortfall des jeweiligen Zweckes bzw. Ablauf dieser Fristen werden die entsprechenden Daten routinem\u00e4\u00dfig und entsprechend den gesetzlichen Vorschriften gesperrt oder gel\u00f6scht.<\/p>\n<h2>Datenerfassung auf unserer Website<\/h2>\n<p>Wenn Sie auf unsere Website zugreifen, werden automatisch mittels eines Cookies Informationen allgemeiner Natur erfasst. Diese Informationen (Server-Logfiles) beinhalten etwa die Art des Webbrowsers, das verwendete Betriebssystem, den Domainnamen Ihres Internet-Service-Providers und \u00e4hnliches. Hierbei handelt es sich ausschlie\u00dflich um Informationen, welche keine R\u00fcckschl\u00fcsse auf Ihre Person zulassen.<\/p>\n<p>Diese Informationen sind technisch notwendig, um von Ihnen angeforderte Inhalte von Webseiten korrekt auszuliefern und fallen bei Nutzung des Internets zwingend an. Sie werden insbesondere zu folgenden Zwecken verarbeitet:<\/p>\n<ul>\n<li class=\"align-left\">Sicherstellung eines problemlosen Verbindungsaufbaus der Website,<\/li>\n<li class=\"align-left\">Sicherstellung einer reibungslosen Nutzung unserer Website,<\/li>\n<li class=\"align-left\">Auswertung der Systemsicherheit und -stabilit\u00e4t sowie<\/li>\n<li class=\"align-left\">zu weiteren administrativen Zwecken.<\/li>\n<\/ul>\n<p>Die Verarbeitung Ihrer personenbezogenen Daten basiert auf unserem berechtigten Interesse aus den vorgenannten Zwecken zur Datenerhebung. Wir verwenden Ihre Daten nicht, um R\u00fcckschl\u00fcsse auf Ihre Person zu ziehen. Empf\u00e4nger der Daten sind nur die verantwortliche Stelle und ggf. Auftragsverarbeiter.<\/p>\n<p>Anonyme Informationen dieser Art werden von uns ggfs. statistisch ausgewertet, um unseren Internetauftritt und die dahinterstehende Technik zu optimieren.<\/p>\n<h3>Cookies<\/h3>\n<p>Wie viele andere Webseiten verwenden wir auch so genannte \u201eCookies\u201c. Cookies sind kleine Textdateien, die von einem Websiteserver auf Ihre Festplatte \u00fcbertragen werden. Hierdurch erhalten wir automatisch bestimmte Daten wie z. B. IP-Adresse, verwendeter Browser, Betriebssystem und Ihre Verbindung zum Internet.<\/p>\n<p>Cookies k\u00f6nnen nicht verwendet werden, um Programme zu starten oder Viren auf einen Computer zu \u00fcbertragen. Anhand der in Cookies enthaltenen Informationen k\u00f6nnen wir Ihnen die Navigation erleichtern und die korrekte Anzeige unserer Webseiten erm\u00f6glichen.<\/p>\n<p>In keinem Fall werden die von uns erfassten Daten an Dritte weitergegeben oder ohne Ihre Einwilligung eine Verkn\u00fcpfung mit personenbezogenen Daten hergestellt.<\/p>\n<p>Nat\u00fcrlich k\u00f6nnen Sie unsere Website grunds\u00e4tzlich auch ohne Cookies betrachten. Internet-Browser sind regelm\u00e4\u00dfig so eingestellt, dass sie Cookies akzeptieren. Im Allgemeinen k\u00f6nnen Sie die Verwendung von Cookies jederzeit \u00fcber die Einstellungen Ihres Browsers deaktivieren. Bitte verwenden Sie die Hilfefunktionen Ihres Internetbrowsers, um zu erfahren, wie Sie diese Einstellungen \u00e4ndern k\u00f6nnen. Bitte beachten Sie, dass einzelne Funktionen unserer Website m\u00f6glicherweise nicht funktionieren, wenn Sie die Verwendung von Cookies deaktiviert haben.<\/p>\n<h2>\u00c4nderung unserer Datenschutzbestimmungen<\/h2>\n<p>Wir behalten uns vor, diese Datenschutzerkl\u00e4rung anzupassen, damit sie stets den aktuellen rechtlichen Anforderungen entspricht oder um \u00c4nderungen unserer Leistungen in der Datenschutzerkl\u00e4rung umzusetzen, z.B. bei der Einf\u00fchrung neuer Services. F\u00fcr Ihren erneuten Besuch gilt dann die neue Datenschutzerkl\u00e4rung.<\/p>\n<h2>Fragen an den Datenschutzbeauftragten<\/h2>\n<p>Wenn Sie Fragen zum Datenschutz haben, schreiben Sie uns bitte eine E-Mail oder wenden Sie sich direkt an die f\u00fcr den Datenschutz verantwortliche Person in unserer Organisation:<\/p>\n<p><strong>Handelsagentur Uli Mette<\/strong><br \/>\nKreuzbichl 43<br \/>\nD-83093 Bad Endorf<\/p>\n<p>Mobil: +49 (0) 171 1943917<\/p>\n<p>E-Mail: <a href=\"mailto:agentur@ulimette.de\">agentur@ulimette.de<\/a><br \/>\n<span class=\"leftspacemail\"><a href=\"mailto:info@sun-valley-germany.de\">info@sun-valley-germany.de<\/a><\/span><\/p>\n<p>&nbsp;<\/p>\n<p>Stand: Mai 2022<\/p>\n<p>&nbsp;<\/p>\n<p><i>Die Datenschutzerkl\u00e4rung wurde mit dem <\/i><a href=\"https:\/\/www.activemind.de\/datenschutz\/datenschutzhinweis-generator\/\" target=\"_blank\" rel=\"noopener\"><i>Datenschutzerkl\u00e4rungs-Generator der activeMind AG erstellt<\/i><\/a><i>.<\/i><\/p>\n","protected":false},"excerpt":{"rendered":"<p>Datenschutzerkl\u00e4rung Allgemeine Hinweise Mit den nachfolgenden Informationen wollen wir Sie verst\u00e4ndlich \u00fcber die Art, Umfang und Zweck von personenbezogenen Daten gem\u00e4\u00df Telemediengesetz mit Besuch dieser Website informieren. Dar\u00fcber hinaus m\u00f6chten wir Sie \u00fcber die Verarbeitung personenbezogener Daten in Staaten au\u00dferhalb &hellip; <a href=\"https:\/\/www.ulimette.de\/index.php\/datenschutz\/\">Weiter<\/a><\/p>\n","protected":false},"author":1,"featured_media":0,"parent":0,"menu_order":0,"comment_status":"open","ping_status":"open","template":"page-feature.php","meta":{"footnotes":""},"class_list":["post-214","page","type-page","status-publish","hentry"],"_links":{"self":[{"href":"https:\/\/www.ulimette.de\/index.php\/wp-json\/wp\/v2\/pages\/214","targetHints":{"allow":["GET"]}}],"collection":[{"href":"https:\/\/www.ulimette.de\/index.php\/wp-json\/wp\/v2\/pages"}],"about":[{"href":"https:\/\/www.ulimette.de\/index.php\/wp-json\/wp\/v2\/types\/page"}],"author":[{"embeddable":true,"href":"https:\/\/www.ulimette.de\/index.php\/wp-json\/wp\/v2\/users\/1"}],"replies":[{"embeddable":true,"href":"https:\/\/www.ulimette.de\/index.php\/wp-json\/wp\/v2\/comments?post=214"}],"version-history":[{"count":10,"href":"https:\/\/www.ulimette.de\/index.php\/wp-json\/wp\/v2\/pages\/214\/revisions"}],"predecessor-version":[{"id":292,"href":"https:\/\/www.ulimette.de\/index.php\/wp-json\/wp\/v2\/pages\/214\/revisions\/292"}],"wp:attachment":[{"href":"https:\/\/www.ulimette.de\/index.php\/wp-json\/wp\/v2\/media?parent=214"}],"curies":[{"name":"wp","href":"https:\/\/api.w.org\/{rel}","templated":true}]}}